{"id":543,"date":"2020-06-30T14:23:58","date_gmt":"2020-06-30T12:23:58","guid":{"rendered":"https:\/\/la-grange-aux-saveurs.com\/?post_type=product&#038;p=543"},"modified":"2022-10-18T17:19:53","modified_gmt":"2022-10-18T15:19:53","slug":"bagna-thon","status":"publish","type":"product","link":"https:\/\/la-grange-aux-saveurs.com\/index.php\/produit\/bagna-thon\/","title":{"rendered":"Pain bagna Thon"},"content":{"rendered":"<p>Pain bagna s\u00e9same, thon au naturel, salade, tomates, oeufs dur, oignons rouges, mayonnaise.<\/p>\n<div class=\"lts_info \"><strong><span style=\"text-decoration: underline\">Allerg\u00e8nes<\/span><\/strong> : Ce produit peut contenir du Gluten, S\u00e9same !<\/div>\n","protected":false},"excerpt":{"rendered":"<p>Pain bagna s\u00e9same, thon au naturel, salade, tomates, oeufs dur, oignons rouges, mayonnaise. Allerg\u00e8nes : Ce produit peut contenir du Gluten, S\u00e9same !<\/p>\n","protected":false},"featured_media":449,"template":"","meta":[],"product_cat":[18,27],"product_tag":[],"yoast_head":"<!-- This site is optimized with the Yoast SEO plugin v19.7.1 - https:\/\/yoast.com\/wordpress\/plugins\/seo\/ -->\n<title>Pain bagna Thon - La Grange Aux Saveurs<\/title>\n<meta name=\"robots\" content=\"index, follow, max-snippet:-1, max-image-preview:large, max-video-preview:-1\" \/>\n<link rel=\"canonical\" href=\"https:\/\/la-grange-aux-saveurs.com\/index.php\/produit\/bagna-thon\/\" \/>\n<meta property=\"og:locale\" content=\"fr_FR\" \/>\n<meta property=\"og:type\" content=\"article\" \/>\n<meta property=\"og:title\" content=\"Pain bagna Thon - La Grange Aux Saveurs\" \/>\n<meta property=\"og:description\" content=\"Pain bagna s\u00e9same, thon au naturel, salade, tomates, oeufs dur, oignons rouges, mayonnaise. Allerg\u00e8nes : Ce produit peut contenir du Gluten, S\u00e9same !\" \/>\n<meta property=\"og:url\" content=\"https:\/\/la-grange-aux-saveurs.com\/index.php\/produit\/bagna-thon\/\" \/>\n<meta property=\"og:site_name\" content=\"La Grange Aux Saveurs\" \/>\n<meta property=\"article:modified_time\" content=\"2022-10-18T15:19:53+00:00\" \/>\n<meta property=\"og:image\" content=\"https:\/\/i0.wp.com\/la-grange-aux-saveurs.com\/wp-content\/uploads\/2020\/06\/20200528_115809-rotated.jpg?fit=1920%2C1920&ssl=1\" \/>\n\t<meta property=\"og:image:width\" content=\"1920\" \/>\n\t<meta property=\"og:image:height\" content=\"1920\" \/>\n\t<meta property=\"og:image:type\" content=\"image\/jpeg\" \/>\n<meta name=\"twitter:card\" content=\"summary_large_image\" \/>\n<script type=\"application\/ld+json\" class=\"yoast-schema-graph\">{\"@context\":\"https:\/\/schema.org\",\"@graph\":[{\"@type\":\"WebPage\",\"@id\":\"https:\/\/la-grange-aux-saveurs.com\/index.php\/produit\/bagna-thon\/\",\"url\":\"https:\/\/la-grange-aux-saveurs.com\/index.php\/produit\/bagna-thon\/\",\"name\":\"Pain bagna Thon - La Grange Aux Saveurs\",\"isPartOf\":{\"@id\":\"https:\/\/la-grange-aux-saveurs.com\/#website\"},\"datePublished\":\"2020-06-30T12:23:58+00:00\",\"dateModified\":\"2022-10-18T15:19:53+00:00\",\"breadcrumb\":{\"@id\":\"https:\/\/la-grange-aux-saveurs.com\/index.php\/produit\/bagna-thon\/#breadcrumb\"},\"inLanguage\":\"fr-FR\",\"potentialAction\":[{\"@type\":\"ReadAction\",\"target\":[\"https:\/\/la-grange-aux-saveurs.com\/index.php\/produit\/bagna-thon\/\"]}]},{\"@type\":\"BreadcrumbList\",\"@id\":\"https:\/\/la-grange-aux-saveurs.com\/index.php\/produit\/bagna-thon\/#breadcrumb\",\"itemListElement\":[{\"@type\":\"ListItem\",\"position\":1,\"name\":\"Accueil\",\"item\":\"https:\/\/la-grange-aux-saveurs.com\/\"},{\"@type\":\"ListItem\",\"position\":2,\"name\":\"Boutique\",\"item\":\"https:\/\/la-grange-aux-saveurs.com\/index.php\/boutique\/\"},{\"@type\":\"ListItem\",\"position\":3,\"name\":\"Pain bagna Thon\"}]},{\"@type\":\"WebSite\",\"@id\":\"https:\/\/la-grange-aux-saveurs.com\/#website\",\"url\":\"https:\/\/la-grange-aux-saveurs.com\/\",\"name\":\"La Grange Aux Saveurs\",\"description\":\"\",\"potentialAction\":[{\"@type\":\"SearchAction\",\"target\":{\"@type\":\"EntryPoint\",\"urlTemplate\":\"https:\/\/la-grange-aux-saveurs.com\/?s={search_term_string}\"},\"query-input\":\"required name=search_term_string\"}],\"inLanguage\":\"fr-FR\"}]}<\/script>\n<!-- \/ Yoast SEO plugin. -->","yoast_head_json":{"title":"Pain bagna Thon - La Grange Aux Saveurs","robots":{"index":"index","follow":"follow","max-snippet":"max-snippet:-1","max-image-preview":"max-image-preview:large","max-video-preview":"max-video-preview:-1"},"canonical":"https:\/\/la-grange-aux-saveurs.com\/index.php\/produit\/bagna-thon\/","og_locale":"fr_FR","og_type":"article","og_title":"Pain bagna Thon - La Grange Aux Saveurs","og_description":"Pain bagna s\u00e9same, thon au naturel, salade, tomates, oeufs dur, oignons rouges, mayonnaise. Allerg\u00e8nes : Ce produit peut contenir du Gluten, S\u00e9same !","og_url":"https:\/\/la-grange-aux-saveurs.com\/index.php\/produit\/bagna-thon\/","og_site_name":"La Grange Aux Saveurs","article_modified_time":"2022-10-18T15:19:53+00:00","og_image":[{"width":1920,"height":1920,"url":"https:\/\/i0.wp.com\/la-grange-aux-saveurs.com\/wp-content\/uploads\/2020\/06\/20200528_115809-rotated.jpg?fit=1920%2C1920&ssl=1","type":"image\/jpeg"}],"twitter_card":"summary_large_image","schema":{"@context":"https:\/\/schema.org","@graph":[{"@type":"WebPage","@id":"https:\/\/la-grange-aux-saveurs.com\/index.php\/produit\/bagna-thon\/","url":"https:\/\/la-grange-aux-saveurs.com\/index.php\/produit\/bagna-thon\/","name":"Pain bagna Thon - La Grange Aux Saveurs","isPartOf":{"@id":"https:\/\/la-grange-aux-saveurs.com\/#website"},"datePublished":"2020-06-30T12:23:58+00:00","dateModified":"2022-10-18T15:19:53+00:00","breadcrumb":{"@id":"https:\/\/la-grange-aux-saveurs.com\/index.php\/produit\/bagna-thon\/#breadcrumb"},"inLanguage":"fr-FR","potentialAction":[{"@type":"ReadAction","target":["https:\/\/la-grange-aux-saveurs.com\/index.php\/produit\/bagna-thon\/"]}]},{"@type":"BreadcrumbList","@id":"https:\/\/la-grange-aux-saveurs.com\/index.php\/produit\/bagna-thon\/#breadcrumb","itemListElement":[{"@type":"ListItem","position":1,"name":"Accueil","item":"https:\/\/la-grange-aux-saveurs.com\/"},{"@type":"ListItem","position":2,"name":"Boutique","item":"https:\/\/la-grange-aux-saveurs.com\/index.php\/boutique\/"},{"@type":"ListItem","position":3,"name":"Pain bagna Thon"}]},{"@type":"WebSite","@id":"https:\/\/la-grange-aux-saveurs.com\/#website","url":"https:\/\/la-grange-aux-saveurs.com\/","name":"La Grange Aux Saveurs","description":"","potentialAction":[{"@type":"SearchAction","target":{"@type":"EntryPoint","urlTemplate":"https:\/\/la-grange-aux-saveurs.com\/?s={search_term_string}"},"query-input":"required name=search_term_string"}],"inLanguage":"fr-FR"}]}},"_links":{"self":[{"href":"https:\/\/la-grange-aux-saveurs.com\/index.php\/wp-json\/wp\/v2\/product\/543"}],"collection":[{"href":"https:\/\/la-grange-aux-saveurs.com\/index.php\/wp-json\/wp\/v2\/product"}],"about":[{"href":"https:\/\/la-grange-aux-saveurs.com\/index.php\/wp-json\/wp\/v2\/types\/product"}],"wp:featuredmedia":[{"embeddable":true,"href":"https:\/\/la-grange-aux-saveurs.com\/index.php\/wp-json\/wp\/v2\/media\/449"}],"wp:attachment":[{"href":"https:\/\/la-grange-aux-saveurs.com\/index.php\/wp-json\/wp\/v2\/media?parent=543"}],"wp:term":[{"taxonomy":"product_cat","embeddable":true,"href":"https:\/\/la-grange-aux-saveurs.com\/index.php\/wp-json\/wp\/v2\/product_cat?post=543"},{"taxonomy":"product_tag","embeddable":true,"href":"https:\/\/la-grange-aux-saveurs.com\/index.php\/wp-json\/wp\/v2\/product_tag?post=543"}],"curies":[{"name":"wp","href":"https:\/\/api.w.org\/{rel}","templated":true}]}}